{"id":5955,"date":"2025-09-12T20:58:19","date_gmt":"2025-09-12T18:58:19","guid":{"rendered":"https:\/\/olsat-sarl.com\/?page_id=5955"},"modified":"2025-09-12T23:14:45","modified_gmt":"2025-09-12T21:14:45","slug":"direction-technique","status":"publish","type":"page","link":"https:\/\/olsat-sarl.com\/?page_id=5955","title":{"rendered":"Direction Technique"},"content":{"rendered":"\t\t<div data-elementor-type=\"wp-page\" data-elementor-id=\"5955\" class=\"elementor elementor-5955\" data-elementor-settings=\"{&quot;element_pack_global_tooltip_width&quot;:{&quot;unit&quot;:&quot;px&quot;,&quot;size&quot;:&quot;&quot;,&quot;sizes&quot;:[]},&quot;element_pack_global_tooltip_width_tablet&quot;:{&quot;unit&quot;:&quot;px&quot;,&quot;size&quot;:&quot;&quot;,&quot;sizes&quot;:[]},&quot;element_pack_global_tooltip_width_mobile&quot;:{&quot;unit&quot;:&quot;px&quot;,&quot;size&quot;:&quot;&quot;,&quot;sizes&quot;:[]},&quot;element_pack_global_tooltip_padding&quot;:{&quot;unit&quot;:&quot;px&quot;,&quot;top&quot;:&quot;&quot;,&quot;right&quot;:&quot;&quot;,&quot;bottom&quot;:&quot;&quot;,&quot;left&quot;:&quot;&quot;,&quot;isLinked&quot;:true},&quot;element_pack_global_tooltip_padding_tablet&quot;:{&quot;unit&quot;:&quot;px&quot;,&quot;top&quot;:&quot;&quot;,&quot;right&quot;:&quot;&quot;,&quot;bottom&quot;:&quot;&quot;,&quot;left&quot;:&quot;&quot;,&quot;isLinked&quot;:true},&quot;element_pack_global_tooltip_padding_mobile&quot;:{&quot;unit&quot;:&quot;px&quot;,&quot;top&quot;:&quot;&quot;,&quot;right&quot;:&quot;&quot;,&quot;bottom&quot;:&quot;&quot;,&quot;left&quot;:&quot;&quot;,&quot;isLinked&quot;:true},&quot;element_pack_global_tooltip_border_radius&quot;:{&quot;unit&quot;:&quot;px&quot;,&quot;top&quot;:&quot;&quot;,&quot;right&quot;:&quot;&quot;,&quot;bottom&quot;:&quot;&quot;,&quot;left&quot;:&quot;&quot;,&quot;isLinked&quot;:true},&quot;element_pack_global_tooltip_border_radius_tablet&quot;:{&quot;unit&quot;:&quot;px&quot;,&quot;top&quot;:&quot;&quot;,&quot;right&quot;:&quot;&quot;,&quot;bottom&quot;:&quot;&quot;,&quot;left&quot;:&quot;&quot;,&quot;isLinked&quot;:true},&quot;element_pack_global_tooltip_border_radius_mobile&quot;:{&quot;unit&quot;:&quot;px&quot;,&quot;top&quot;:&quot;&quot;,&quot;right&quot;:&quot;&quot;,&quot;bottom&quot;:&quot;&quot;,&quot;left&quot;:&quot;&quot;,&quot;isLinked&quot;:true}}\" data-elementor-post-type=\"page\">\n\t\t\t\t<div class=\"elementor-element elementor-element-2b2eb8ad e-flex e-con-boxed e-con e-parent\" data-id=\"2b2eb8ad\" data-element_type=\"container\">\n\t\t\t\t\t<div class=\"e-con-inner\">\n\t\t\t\t<div class=\"elementor-element elementor-element-592f182d elementor-widget elementor-widget-text-editor\" data-id=\"592f182d\" data-element_type=\"widget\" data-widget_type=\"text-editor.default\">\n\t\t\t\t<div class=\"elementor-widget-container\">\n\t\t\t\t\t\t\t\t\t<!DOCTYPE html>\n<html lang=\"fr\">\n<head>\n  <meta charset=\"UTF-8\">\n  <title><\/title>\n  <style>\n    body { font-family: Arial, sans-serif; margin: 40px; line-height: 1.6; color: #333; }\n    h1 { text-align: center; color: #004080; margin-bottom: 20px; }\n    h2 { color: #0066cc; margin-top: 20px; }\n    p { text-align: justify; }\n    .card { border: 1px solid #ccc; border-radius: 8px; padding: 20px; background: #f9f9f9; }\n\tfooter { margin-top: 28px; font-size: 13px; color: #6b7785; }\n  <\/style>\n<\/head>\n<body>\n  <div class=\"card\">\n    <h1><\/h1>\n    <h2>Fonction<\/h2>\n    <p>La Direction Technique pilote les projets op\u00e9rationnels et supervise l\u2019ensemble des activit\u00e9s techniques de OLSAT SARL.<\/p>\n    \n    <h2>Mission<\/h2>\n    <p>Concevoir, planifier et ex\u00e9cuter les solutions techniques innovantes pour r\u00e9pondre aux besoins sp\u00e9cifiques des clients et aux exigences du march\u00e9.<\/p>\n    \n    <h2>Vision<\/h2>\n    <p>\u00catre le moteur de l\u2019innovation et de la qualit\u00e9 au sein de OLSAT SARL, en alliant expertise et performance.<\/p>\n    \n    <h2>Apport<\/h2>\n    <p>Elle garantit la r\u00e9ussite technique des projets et contribue \u00e0 la r\u00e9putation d\u2019efficacit\u00e9 et de fiabilit\u00e9 de l\u2019entreprise.<\/p>\n  <\/div>\n<\/body>\n<\/html>\n<footer>\u00a9 OLSAT SARL \u2014 Prestations r\u00e9alis\u00e9es conform\u00e9ment \u00e0 la r\u00e9glementation ivoirienne en vigueur. Documents et proc\u00e9dures adapt\u00e9s au cas par cas.<\/footer>\t\t\t\t\t\t\t\t<\/div>\n\t\t\t\t<\/div>\n\t\t\t\t\t<\/div>\n\t\t\t\t<\/div>\n\t\t\t\t<\/div>\n\t\t","protected":false},"excerpt":{"rendered":"<p>Fonction La Direction Technique pilote les projets op\u00e9rationnels et supervise l\u2019ensemble des activit\u00e9s techniques de OLSAT SARL. Mission Concevoir, planifier et ex\u00e9cuter les solutions techniques innovantes pour r\u00e9pondre aux besoins sp\u00e9cifiques des clients et aux exigences du march\u00e9. Vision \u00catre le moteur de l\u2019innovation et de la qualit\u00e9 au sein de OLSAT SARL, en alliant&#8230;<\/p>\n","protected":false},"author":1,"featured_media":0,"parent":0,"menu_order":0,"comment_status":"closed","ping_status":"closed","template":"","meta":{"footnotes":""},"class_list":["post-5955","page","type-page","status-publish","hentry"],"_links":{"self":[{"href":"https:\/\/olsat-sarl.com\/index.php?rest_route=\/wp\/v2\/pages\/5955","targetHints":{"allow":["GET"]}}],"collection":[{"href":"https:\/\/olsat-sarl.com\/index.php?rest_route=\/wp\/v2\/pages"}],"about":[{"href":"https:\/\/olsat-sarl.com\/index.php?rest_route=\/wp\/v2\/types\/page"}],"author":[{"embeddable":true,"href":"https:\/\/olsat-sarl.com\/index.php?rest_route=\/wp\/v2\/users\/1"}],"replies":[{"embeddable":true,"href":"https:\/\/olsat-sarl.com\/index.php?rest_route=%2Fwp%2Fv2%2Fcomments&post=5955"}],"version-history":[{"count":4,"href":"https:\/\/olsat-sarl.com\/index.php?rest_route=\/wp\/v2\/pages\/5955\/revisions"}],"predecessor-version":[{"id":5959,"href":"https:\/\/olsat-sarl.com\/index.php?rest_route=\/wp\/v2\/pages\/5955\/revisions\/5959"}],"wp:attachment":[{"href":"https:\/\/olsat-sarl.com\/index.php?rest_route=%2Fwp%2Fv2%2Fmedia&parent=5955"}],"curies":[{"name":"wp","href":"https:\/\/api.w.org\/{rel}","templated":true}]}}