{"id":5929,"date":"2025-09-12T20:25:40","date_gmt":"2025-09-12T18:25:40","guid":{"rendered":"https:\/\/olsat-sarl.com\/?page_id=5929"},"modified":"2025-09-12T20:29:07","modified_gmt":"2025-09-12T18:29:07","slug":"direction-generale","status":"publish","type":"page","link":"https:\/\/olsat-sarl.com\/?page_id=5929","title":{"rendered":"Direction G\u00e9n\u00e9rale"},"content":{"rendered":"\t\t<div data-elementor-type=\"wp-page\" data-elementor-id=\"5929\" class=\"elementor elementor-5929\" data-elementor-settings=\"{&quot;element_pack_global_tooltip_width&quot;:{&quot;unit&quot;:&quot;px&quot;,&quot;size&quot;:&quot;&quot;,&quot;sizes&quot;:[]},&quot;element_pack_global_tooltip_width_tablet&quot;:{&quot;unit&quot;:&quot;px&quot;,&quot;size&quot;:&quot;&quot;,&quot;sizes&quot;:[]},&quot;element_pack_global_tooltip_width_mobile&quot;:{&quot;unit&quot;:&quot;px&quot;,&quot;size&quot;:&quot;&quot;,&quot;sizes&quot;:[]},&quot;element_pack_global_tooltip_padding&quot;:{&quot;unit&quot;:&quot;px&quot;,&quot;top&quot;:&quot;&quot;,&quot;right&quot;:&quot;&quot;,&quot;bottom&quot;:&quot;&quot;,&quot;left&quot;:&quot;&quot;,&quot;isLinked&quot;:true},&quot;element_pack_global_tooltip_padding_tablet&quot;:{&quot;unit&quot;:&quot;px&quot;,&quot;top&quot;:&quot;&quot;,&quot;right&quot;:&quot;&quot;,&quot;bottom&quot;:&quot;&quot;,&quot;left&quot;:&quot;&quot;,&quot;isLinked&quot;:true},&quot;element_pack_global_tooltip_padding_mobile&quot;:{&quot;unit&quot;:&quot;px&quot;,&quot;top&quot;:&quot;&quot;,&quot;right&quot;:&quot;&quot;,&quot;bottom&quot;:&quot;&quot;,&quot;left&quot;:&quot;&quot;,&quot;isLinked&quot;:true},&quot;element_pack_global_tooltip_border_radius&quot;:{&quot;unit&quot;:&quot;px&quot;,&quot;top&quot;:&quot;&quot;,&quot;right&quot;:&quot;&quot;,&quot;bottom&quot;:&quot;&quot;,&quot;left&quot;:&quot;&quot;,&quot;isLinked&quot;:true},&quot;element_pack_global_tooltip_border_radius_tablet&quot;:{&quot;unit&quot;:&quot;px&quot;,&quot;top&quot;:&quot;&quot;,&quot;right&quot;:&quot;&quot;,&quot;bottom&quot;:&quot;&quot;,&quot;left&quot;:&quot;&quot;,&quot;isLinked&quot;:true},&quot;element_pack_global_tooltip_border_radius_mobile&quot;:{&quot;unit&quot;:&quot;px&quot;,&quot;top&quot;:&quot;&quot;,&quot;right&quot;:&quot;&quot;,&quot;bottom&quot;:&quot;&quot;,&quot;left&quot;:&quot;&quot;,&quot;isLinked&quot;:true}}\" data-elementor-post-type=\"page\">\n\t\t\t\t<div class=\"elementor-element elementor-element-2b2eb8ad e-flex e-con-boxed e-con e-parent\" data-id=\"2b2eb8ad\" data-element_type=\"container\">\n\t\t\t\t\t<div class=\"e-con-inner\">\n\t\t\t\t<div class=\"elementor-element elementor-element-592f182d elementor-widget elementor-widget-text-editor\" data-id=\"592f182d\" data-element_type=\"widget\" data-widget_type=\"text-editor.default\">\n\t\t\t\t<div class=\"elementor-widget-container\">\n\t\t\t\t\t\t\t\t\t<!DOCTYPE html>\n<html lang=\"fr\">\n<head>\n  <meta charset=\"UTF-8\">\n  <title><\/title>\n  <style>\n    body { font-family: Arial, sans-serif; margin: 40px; line-height: 1.6; color: #333; }\n    h1 { text-align: center; color: #004080; margin-bottom: 20px; }\n    h2 { color: #0066cc; margin-top: 20px; }\n    p { text-align: justify; }\n    .card { border: 1px solid #ccc; border-radius: 8px; padding: 20px; background: #f9f9f9; }\n\tfooter { margin-top: 28px; font-size: 13px; color: #6b7785; }\n  <\/style>\n<\/head>\n<body>\n  <div class=\"card\">\n    <h1><\/h1>\n    <h2>Fonction<\/h2>\n    <p>La Direction G\u00e9n\u00e9rale est le pilier strat\u00e9gique de OLSAT SARL. Elle coordonne, oriente et supervise toutes les activit\u00e9s de l\u2019entreprise afin d\u2019assurer une gestion harmonieuse et performante.<\/p>\n    \n    <h2>Mission<\/h2>\n    <p>Garantir une vision claire, d\u00e9finir les objectifs majeurs, impulser les d\u00e9cisions strat\u00e9giques et veiller \u00e0 la bonne ex\u00e9cution des projets pour r\u00e9pondre aux attentes des clients et partenaires.<\/p>\n    \n    <h2>Vision<\/h2>\n    <p>Faire de OLSAT SARL une entreprise de r\u00e9f\u00e9rence en C\u00f4te d\u2019Ivoire et en Afrique, reconnue pour son leadership, sa rigueur et son engagement envers la satisfaction totale des parties prenantes.<\/p>\n    \n    <h2>Apport<\/h2>\n    <p>La Direction G\u00e9n\u00e9rale inspire la confiance et assure la stabilit\u00e9 de l\u2019entreprise, en cr\u00e9ant un environnement propice \u00e0 l\u2019innovation et \u00e0 la r\u00e9ussite de chaque projet.<\/p>\n  <\/div>\n<\/body>\n<\/html>\n<footer>\u00a9 OLSAT SARL \u2014 Prestations r\u00e9alis\u00e9es conform\u00e9ment \u00e0 la r\u00e9glementation ivoirienne en vigueur. Documents et proc\u00e9dures adapt\u00e9s au cas par cas.<\/footer>\t\t\t\t\t\t\t\t<\/div>\n\t\t\t\t<\/div>\n\t\t\t\t\t<\/div>\n\t\t\t\t<\/div>\n\t\t\t\t<\/div>\n\t\t","protected":false},"excerpt":{"rendered":"<p>Fonction La Direction G\u00e9n\u00e9rale est le pilier strat\u00e9gique de OLSAT SARL. Elle coordonne, oriente et supervise toutes les activit\u00e9s de l\u2019entreprise afin d\u2019assurer une gestion harmonieuse et performante. Mission Garantir une vision claire, d\u00e9finir les objectifs majeurs, impulser les d\u00e9cisions strat\u00e9giques et veiller \u00e0 la bonne ex\u00e9cution des projets pour r\u00e9pondre aux attentes des clients&#8230;<\/p>\n","protected":false},"author":1,"featured_media":0,"parent":0,"menu_order":0,"comment_status":"closed","ping_status":"closed","template":"","meta":{"footnotes":""},"class_list":["post-5929","page","type-page","status-publish","hentry"],"_links":{"self":[{"href":"https:\/\/olsat-sarl.com\/index.php?rest_route=\/wp\/v2\/pages\/5929","targetHints":{"allow":["GET"]}}],"collection":[{"href":"https:\/\/olsat-sarl.com\/index.php?rest_route=\/wp\/v2\/pages"}],"about":[{"href":"https:\/\/olsat-sarl.com\/index.php?rest_route=\/wp\/v2\/types\/page"}],"author":[{"embeddable":true,"href":"https:\/\/olsat-sarl.com\/index.php?rest_route=\/wp\/v2\/users\/1"}],"replies":[{"embeddable":true,"href":"https:\/\/olsat-sarl.com\/index.php?rest_route=%2Fwp%2Fv2%2Fcomments&post=5929"}],"version-history":[{"count":4,"href":"https:\/\/olsat-sarl.com\/index.php?rest_route=\/wp\/v2\/pages\/5929\/revisions"}],"predecessor-version":[{"id":5934,"href":"https:\/\/olsat-sarl.com\/index.php?rest_route=\/wp\/v2\/pages\/5929\/revisions\/5934"}],"wp:attachment":[{"href":"https:\/\/olsat-sarl.com\/index.php?rest_route=%2Fwp%2Fv2%2Fmedia&parent=5929"}],"curies":[{"name":"wp","href":"https:\/\/api.w.org\/{rel}","templated":true}]}}