{"id":5909,"date":"2025-09-12T19:43:44","date_gmt":"2025-09-12T17:43:44","guid":{"rendered":"https:\/\/olsat-sarl.com\/?page_id=5909"},"modified":"2025-09-12T20:14:29","modified_gmt":"2025-09-12T18:14:29","slug":"biographie-pdg","status":"publish","type":"page","link":"https:\/\/olsat-sarl.com\/?page_id=5909","title":{"rendered":"Biographie PDG"},"content":{"rendered":"\t\t<div data-elementor-type=\"wp-page\" data-elementor-id=\"5909\" class=\"elementor elementor-5909\" data-elementor-settings=\"{&quot;element_pack_global_tooltip_width&quot;:{&quot;unit&quot;:&quot;px&quot;,&quot;size&quot;:&quot;&quot;,&quot;sizes&quot;:[]},&quot;element_pack_global_tooltip_width_tablet&quot;:{&quot;unit&quot;:&quot;px&quot;,&quot;size&quot;:&quot;&quot;,&quot;sizes&quot;:[]},&quot;element_pack_global_tooltip_width_mobile&quot;:{&quot;unit&quot;:&quot;px&quot;,&quot;size&quot;:&quot;&quot;,&quot;sizes&quot;:[]},&quot;element_pack_global_tooltip_padding&quot;:{&quot;unit&quot;:&quot;px&quot;,&quot;top&quot;:&quot;&quot;,&quot;right&quot;:&quot;&quot;,&quot;bottom&quot;:&quot;&quot;,&quot;left&quot;:&quot;&quot;,&quot;isLinked&quot;:true},&quot;element_pack_global_tooltip_padding_tablet&quot;:{&quot;unit&quot;:&quot;px&quot;,&quot;top&quot;:&quot;&quot;,&quot;right&quot;:&quot;&quot;,&quot;bottom&quot;:&quot;&quot;,&quot;left&quot;:&quot;&quot;,&quot;isLinked&quot;:true},&quot;element_pack_global_tooltip_padding_mobile&quot;:{&quot;unit&quot;:&quot;px&quot;,&quot;top&quot;:&quot;&quot;,&quot;right&quot;:&quot;&quot;,&quot;bottom&quot;:&quot;&quot;,&quot;left&quot;:&quot;&quot;,&quot;isLinked&quot;:true},&quot;element_pack_global_tooltip_border_radius&quot;:{&quot;unit&quot;:&quot;px&quot;,&quot;top&quot;:&quot;&quot;,&quot;right&quot;:&quot;&quot;,&quot;bottom&quot;:&quot;&quot;,&quot;left&quot;:&quot;&quot;,&quot;isLinked&quot;:true},&quot;element_pack_global_tooltip_border_radius_tablet&quot;:{&quot;unit&quot;:&quot;px&quot;,&quot;top&quot;:&quot;&quot;,&quot;right&quot;:&quot;&quot;,&quot;bottom&quot;:&quot;&quot;,&quot;left&quot;:&quot;&quot;,&quot;isLinked&quot;:true},&quot;element_pack_global_tooltip_border_radius_mobile&quot;:{&quot;unit&quot;:&quot;px&quot;,&quot;top&quot;:&quot;&quot;,&quot;right&quot;:&quot;&quot;,&quot;bottom&quot;:&quot;&quot;,&quot;left&quot;:&quot;&quot;,&quot;isLinked&quot;:true}}\" data-elementor-post-type=\"page\">\n\t\t\t\t<div class=\"elementor-element elementor-element-2b2eb8ad e-flex e-con-boxed e-con e-parent\" data-id=\"2b2eb8ad\" data-element_type=\"container\">\n\t\t\t\t\t<div class=\"e-con-inner\">\n\t\t\t\t<div class=\"elementor-element elementor-element-592f182d elementor-widget elementor-widget-text-editor\" data-id=\"592f182d\" data-element_type=\"widget\" data-widget_type=\"text-editor.default\">\n\t\t\t\t<div class=\"elementor-widget-container\">\n\t\t\t\t\t\t\t\t\t<!DOCTYPE html>\n<html lang=\"fr\">\n<head>\n  <meta charset=\"UTF-8\">\n  <title>Biographie<\/title>\n  <style>\n    body { \n      font-family: Arial, Helvetica, sans-serif; \n      margin: 40px; \n      background:#f6f8fb; \n      color:#24313f; \n      line-height:1.75; \n    }\n    h1 { \n      text-align:center; \n      font-weight:700; \n      color:#163a5f; \n      margin-bottom: 20px; \n    }\n    p { \n      text-align: justify; \n      margin: 15px 0; \n    }\n    .lettrine {\n      width:100%;\n      height:auto; \/* conserve les proportions *\/\n      border-radius:14px;\n      margin:10px 0 22px;\n      box-shadow:0 8px 22px rgba(0,0,0,.12);\n    }\n    .section {\n      background:#fff; \n      padding:22px; \n      border-radius:12px; \n      margin-bottom:22px; \n      box-shadow:0 2px 12px rgba(0,0,0,.07); \n    }\n\tfooter { margin-top: 28px; font-size: 13px; color: #6b7785; }\n  <\/style>\n<\/head>\n<body>\n\n  <h1><\/h1>\n\n  <!-- Lettrine -->\n  <img class=\"lettrine lws-optimize-lazyload\"  alt=\"Biographie Olivier Thalmas\" \/ data-src=\"images\/biographie1.jpg\">\n\n  <div class=\"section\">\n    <p>\n      <strong>Olivier THALMAS<\/strong>, Ing\u00e9nieur Commercial issu de l\u2019\u00e9cole de Commerce et de Gestion d\u2019Abidjan, \n      est le Directeur G\u00e9n\u00e9ral de <strong>OLSAT SARL<\/strong>. \n      Il d\u00e9bute sa carri\u00e8re professionnelle dans les T\u00e9l\u00e9coms avec les entreprises <strong>ORANGE CI<\/strong> et \n      <strong>N-OMT-HOLDING<\/strong> en tant que responsable commercial. \n    <\/p>\n    <p>\n      Suite \u00e0 l\u2019\u00e9volution des offres et de la demande du secteur immobilier, il devient responsable commercial \n      \u00e0 <strong>GREAT-EL SARL<\/strong>.\n    <\/p>\n    <p>\n      Apr\u00e8s abn\u00e9gation, professionnalisme et exp\u00e9rience, il d\u00e9cide de cr\u00e9er <strong>OLSAT SARL<\/strong> \n      qui a pour objectif premier de satisfaire sa client\u00e8le et ses partenaires.\n    <\/p>\n  <\/div>\n\n<\/body>\n<\/html>\n<footer>\u00a9 OLSAT SARL \u2014 Prestations r\u00e9alis\u00e9es conform\u00e9ment \u00e0 la r\u00e9glementation ivoirienne en vigueur. Documents et proc\u00e9dures adapt\u00e9s au cas par cas.<\/footer>\t\t\t\t\t\t\t\t<\/div>\n\t\t\t\t<\/div>\n\t\t\t\t\t<\/div>\n\t\t\t\t<\/div>\n\t\t\t\t<\/div>\n\t\t","protected":false},"excerpt":{"rendered":"<p>Biographie Olivier THALMAS, Ing\u00e9nieur Commercial issu de l\u2019\u00e9cole de Commerce et de Gestion d\u2019Abidjan, est le Directeur G\u00e9n\u00e9ral de OLSAT SARL. Il d\u00e9bute sa carri\u00e8re professionnelle dans les T\u00e9l\u00e9coms avec les entreprises ORANGE CI et N-OMT-HOLDING en tant que responsable commercial. Suite \u00e0 l\u2019\u00e9volution des offres et de la demande du secteur immobilier, il devient&#8230;<\/p>\n","protected":false},"author":1,"featured_media":0,"parent":0,"menu_order":0,"comment_status":"closed","ping_status":"closed","template":"","meta":{"footnotes":""},"class_list":["post-5909","page","type-page","status-publish","hentry"],"_links":{"self":[{"href":"https:\/\/olsat-sarl.com\/index.php?rest_route=\/wp\/v2\/pages\/5909","targetHints":{"allow":["GET"]}}],"collection":[{"href":"https:\/\/olsat-sarl.com\/index.php?rest_route=\/wp\/v2\/pages"}],"about":[{"href":"https:\/\/olsat-sarl.com\/index.php?rest_route=\/wp\/v2\/types\/page"}],"author":[{"embeddable":true,"href":"https:\/\/olsat-sarl.com\/index.php?rest_route=\/wp\/v2\/users\/1"}],"replies":[{"embeddable":true,"href":"https:\/\/olsat-sarl.com\/index.php?rest_route=%2Fwp%2Fv2%2Fcomments&post=5909"}],"version-history":[{"count":19,"href":"https:\/\/olsat-sarl.com\/index.php?rest_route=\/wp\/v2\/pages\/5909\/revisions"}],"predecessor-version":[{"id":5928,"href":"https:\/\/olsat-sarl.com\/index.php?rest_route=\/wp\/v2\/pages\/5909\/revisions\/5928"}],"wp:attachment":[{"href":"https:\/\/olsat-sarl.com\/index.php?rest_route=%2Fwp%2Fv2%2Fmedia&parent=5909"}],"curies":[{"name":"wp","href":"https:\/\/api.w.org\/{rel}","templated":true}]}}