{"id":5547,"date":"2025-09-01T21:57:09","date_gmt":"2025-09-01T19:57:09","guid":{"rendered":"https:\/\/olsat-sarl.com\/?page_id=5547"},"modified":"2025-09-13T00:07:26","modified_gmt":"2025-09-12T22:07:26","slug":"nous-sommes","status":"publish","type":"page","link":"https:\/\/olsat-sarl.com\/?page_id=5547","title":{"rendered":"Nous sommes"},"content":{"rendered":"\t\t<div data-elementor-type=\"wp-page\" data-elementor-id=\"5547\" class=\"elementor elementor-5547\" data-elementor-settings=\"{&quot;element_pack_global_tooltip_width&quot;:{&quot;unit&quot;:&quot;px&quot;,&quot;size&quot;:&quot;&quot;,&quot;sizes&quot;:[]},&quot;element_pack_global_tooltip_width_tablet&quot;:{&quot;unit&quot;:&quot;px&quot;,&quot;size&quot;:&quot;&quot;,&quot;sizes&quot;:[]},&quot;element_pack_global_tooltip_width_mobile&quot;:{&quot;unit&quot;:&quot;px&quot;,&quot;size&quot;:&quot;&quot;,&quot;sizes&quot;:[]},&quot;element_pack_global_tooltip_padding&quot;:{&quot;unit&quot;:&quot;px&quot;,&quot;top&quot;:&quot;&quot;,&quot;right&quot;:&quot;&quot;,&quot;bottom&quot;:&quot;&quot;,&quot;left&quot;:&quot;&quot;,&quot;isLinked&quot;:true},&quot;element_pack_global_tooltip_padding_tablet&quot;:{&quot;unit&quot;:&quot;px&quot;,&quot;top&quot;:&quot;&quot;,&quot;right&quot;:&quot;&quot;,&quot;bottom&quot;:&quot;&quot;,&quot;left&quot;:&quot;&quot;,&quot;isLinked&quot;:true},&quot;element_pack_global_tooltip_padding_mobile&quot;:{&quot;unit&quot;:&quot;px&quot;,&quot;top&quot;:&quot;&quot;,&quot;right&quot;:&quot;&quot;,&quot;bottom&quot;:&quot;&quot;,&quot;left&quot;:&quot;&quot;,&quot;isLinked&quot;:true},&quot;element_pack_global_tooltip_border_radius&quot;:{&quot;unit&quot;:&quot;px&quot;,&quot;top&quot;:&quot;&quot;,&quot;right&quot;:&quot;&quot;,&quot;bottom&quot;:&quot;&quot;,&quot;left&quot;:&quot;&quot;,&quot;isLinked&quot;:true},&quot;element_pack_global_tooltip_border_radius_tablet&quot;:{&quot;unit&quot;:&quot;px&quot;,&quot;top&quot;:&quot;&quot;,&quot;right&quot;:&quot;&quot;,&quot;bottom&quot;:&quot;&quot;,&quot;left&quot;:&quot;&quot;,&quot;isLinked&quot;:true},&quot;element_pack_global_tooltip_border_radius_mobile&quot;:{&quot;unit&quot;:&quot;px&quot;,&quot;top&quot;:&quot;&quot;,&quot;right&quot;:&quot;&quot;,&quot;bottom&quot;:&quot;&quot;,&quot;left&quot;:&quot;&quot;,&quot;isLinked&quot;:true}}\" data-elementor-post-type=\"page\">\n\t\t\t\t<div class=\"elementor-element elementor-element-2b2eb8ad e-flex e-con-boxed e-con e-parent\" data-id=\"2b2eb8ad\" data-element_type=\"container\">\n\t\t\t\t\t<div class=\"e-con-inner\">\n\t\t\t\t<div class=\"elementor-element elementor-element-592f182d elementor-widget elementor-widget-text-editor\" data-id=\"592f182d\" data-element_type=\"widget\" data-widget_type=\"text-editor.default\">\n\t\t\t\t<div class=\"elementor-widget-container\">\n\t\t\t\t\t\t\t\t\t<style>\n  .jus {\n    text-align: justify;\n    text-justify: inter-word;\n    hyphens: auto;\n    font-size: 14px;\n    line-height: 1.6;\n    color: #333;\n  }\n\n  .jus strong {\n    font-size: 15px;\n    color: #004080; \/* bleu fonc\u00e9 pour valoriser *\/\n  }\n\n  \/* Lettrine *\/\n  .jus:first-letter {\n    float: left;\n    font-size: 38px;\n    font-weight: bold;\n    line-height: 1;\n    margin-right: 6px;\n    color: #b22222; \/* rouge bordeaux *\/\n  }\n\n  .nous-sommes {\n    display: grid;\n    grid-template-columns: 1fr 1fr;\n    gap: 25px;\n    align-items: flex-start;\n    margin: 30px 0;\n  }\n\n  .nous-sommes .text-block {\n    display: flex;\n    flex-direction: column;\n    justify-content: center;\n  }\n\n  .nous-sommes .image-block img {\n    width: 100%;\n    height: 250px; \/* m\u00eame hauteur pour les deux *\/\n    object-fit: cover; \/* rogne pour uniformiser *\/\n    border-radius: 12px;\n    box-shadow: 0px 4px 10px rgba(0,0,0,0.15);\n    margin-bottom: 15px;\n  }\n\n  .title {\n    font-size: 22px;\n    font-weight: bold;\n    margin-bottom: 10px;\n    color: #222;\n  }\n\n  footer {\n    margin-top: 28px;\n    font-size: 13px;\n    color: #6b7785;\n    text-align: center;\n  }\n<\/style>\n\n<section class=\"nous-sommes\">\n  <div class=\"text-block\">\n    <h2 class=\"title\">OLSAT-SARL<\/h2>\n    <p class=\"jus\" lang=\"fr\">\n      <strong>OLSAT-SARL<\/strong> est une entreprise <strong>dynamique<\/strong> et <strong>innovante<\/strong> du secteur immobilier, cr\u00e9\u00e9e pour offrir des solutions adapt\u00e9es aux besoins modernes. \n      Notre mission est de garantir des <strong>services de qualit\u00e9<\/strong>, un accompagnement personnalis\u00e9 et une satisfaction durable pour chacun de nos clients.\n    <\/p>\n    <p class=\"jus\" lang=\"fr\">\n      Gr\u00e2ce \u00e0 notre expertise, <strong>OLSAT-SARL<\/strong> vous accompagne dans <strong>la vente<\/strong>, <strong>l\u2019achat<\/strong>, <strong>la gestion immobili\u00e8re<\/strong> et le conseil strat\u00e9gique, afin de concr\u00e9tiser vos projets en toute s\u00e9r\u00e9nit\u00e9. \n      Nous pla\u00e7ons l\u2019humain au c\u0153ur de chaque action et valorisons une relation bas\u00e9e sur la <strong>confiance<\/strong> et la <strong>transparence<\/strong>.\n    <\/p>\n    <p class=\"jus\" lang=\"fr\">\n      Nos valeurs fondamentales reposent sur <strong>l\u2019Int\u00e9grit\u00e9<\/strong>, <strong>l\u2019Innovation<\/strong> et <strong>la Satisfaction<\/strong>. \n      C\u2019est ce qui fait de nous plus qu\u2019une entreprise : un partenaire fiable et engag\u00e9 dans votre r\u00e9ussite.\n    <\/p>\n  <\/div>\n\n  <div class=\"image-block\">\n    <img  alt=\"Conseiller immobilier OLSAT-SARL avec des clients\" class=\"lws-optimize-lazyload\" data-src=\"images\/immobilier1.jpg\">\n    <img  alt=\"B\u00e2timent moderne repr\u00e9sentatif des projets OLSAT-SARL\" class=\"lws-optimize-lazyload\" data-src=\"images\/immobilier2.jpg\">\n  <\/div>\n<\/section>\n\n<footer>\n  \u00a9 OLSAT SARL \u2014 Prestations r\u00e9alis\u00e9es conform\u00e9ment \u00e0 la r\u00e9glementation ivoirienne en vigueur.  \n  Documents et proc\u00e9dures adapt\u00e9s au cas par cas.\n<\/footer>\n\t\t\t\t\t\t\t\t<\/div>\n\t\t\t\t<\/div>\n\t\t\t\t\t<\/div>\n\t\t\t\t<\/div>\n\t\t\t\t<\/div>\n\t\t","protected":false},"excerpt":{"rendered":"<p>OLSAT-SARL OLSAT-SARL est une entreprise dynamique et innovante du secteur immobilier, cr\u00e9\u00e9e pour offrir des solutions adapt\u00e9es aux besoins modernes. Notre mission est de garantir des services de qualit\u00e9, un accompagnement personnalis\u00e9 et une satisfaction durable pour chacun de nos clients. Gr\u00e2ce \u00e0 notre expertise, OLSAT-SARL vous accompagne dans la vente, l\u2019achat, la gestion immobili\u00e8re&#8230;<\/p>\n","protected":false},"author":1,"featured_media":0,"parent":0,"menu_order":0,"comment_status":"closed","ping_status":"closed","template":"","meta":{"footnotes":""},"class_list":["post-5547","page","type-page","status-publish","hentry"],"_links":{"self":[{"href":"https:\/\/olsat-sarl.com\/index.php?rest_route=\/wp\/v2\/pages\/5547","targetHints":{"allow":["GET"]}}],"collection":[{"href":"https:\/\/olsat-sarl.com\/index.php?rest_route=\/wp\/v2\/pages"}],"about":[{"href":"https:\/\/olsat-sarl.com\/index.php?rest_route=\/wp\/v2\/types\/page"}],"author":[{"embeddable":true,"href":"https:\/\/olsat-sarl.com\/index.php?rest_route=\/wp\/v2\/users\/1"}],"replies":[{"embeddable":true,"href":"https:\/\/olsat-sarl.com\/index.php?rest_route=%2Fwp%2Fv2%2Fcomments&post=5547"}],"version-history":[{"count":16,"href":"https:\/\/olsat-sarl.com\/index.php?rest_route=\/wp\/v2\/pages\/5547\/revisions"}],"predecessor-version":[{"id":5974,"href":"https:\/\/olsat-sarl.com\/index.php?rest_route=\/wp\/v2\/pages\/5547\/revisions\/5974"}],"wp:attachment":[{"href":"https:\/\/olsat-sarl.com\/index.php?rest_route=%2Fwp%2Fv2%2Fmedia&parent=5547"}],"curies":[{"name":"wp","href":"https:\/\/api.w.org\/{rel}","templated":true}]}}