{"id":5369,"date":"2025-08-27T04:38:50","date_gmt":"2025-08-27T02:38:50","guid":{"rendered":"https:\/\/olsat-sarl.com\/?page_id=5369"},"modified":"2025-08-27T06:20:48","modified_gmt":"2025-08-27T04:20:48","slug":"palmier-a-huile","status":"publish","type":"page","link":"https:\/\/olsat-sarl.com\/?page_id=5369","title":{"rendered":"Palmier a huile"},"content":{"rendered":"\t\t<div data-elementor-type=\"wp-page\" data-elementor-id=\"5369\" class=\"elementor elementor-5369\" data-elementor-settings=\"{&quot;element_pack_global_tooltip_width&quot;:{&quot;unit&quot;:&quot;px&quot;,&quot;size&quot;:&quot;&quot;,&quot;sizes&quot;:[]},&quot;element_pack_global_tooltip_width_tablet&quot;:{&quot;unit&quot;:&quot;px&quot;,&quot;size&quot;:&quot;&quot;,&quot;sizes&quot;:[]},&quot;element_pack_global_tooltip_width_mobile&quot;:{&quot;unit&quot;:&quot;px&quot;,&quot;size&quot;:&quot;&quot;,&quot;sizes&quot;:[]},&quot;element_pack_global_tooltip_padding&quot;:{&quot;unit&quot;:&quot;px&quot;,&quot;top&quot;:&quot;&quot;,&quot;right&quot;:&quot;&quot;,&quot;bottom&quot;:&quot;&quot;,&quot;left&quot;:&quot;&quot;,&quot;isLinked&quot;:true},&quot;element_pack_global_tooltip_padding_tablet&quot;:{&quot;unit&quot;:&quot;px&quot;,&quot;top&quot;:&quot;&quot;,&quot;right&quot;:&quot;&quot;,&quot;bottom&quot;:&quot;&quot;,&quot;left&quot;:&quot;&quot;,&quot;isLinked&quot;:true},&quot;element_pack_global_tooltip_padding_mobile&quot;:{&quot;unit&quot;:&quot;px&quot;,&quot;top&quot;:&quot;&quot;,&quot;right&quot;:&quot;&quot;,&quot;bottom&quot;:&quot;&quot;,&quot;left&quot;:&quot;&quot;,&quot;isLinked&quot;:true},&quot;element_pack_global_tooltip_border_radius&quot;:{&quot;unit&quot;:&quot;px&quot;,&quot;top&quot;:&quot;&quot;,&quot;right&quot;:&quot;&quot;,&quot;bottom&quot;:&quot;&quot;,&quot;left&quot;:&quot;&quot;,&quot;isLinked&quot;:true},&quot;element_pack_global_tooltip_border_radius_tablet&quot;:{&quot;unit&quot;:&quot;px&quot;,&quot;top&quot;:&quot;&quot;,&quot;right&quot;:&quot;&quot;,&quot;bottom&quot;:&quot;&quot;,&quot;left&quot;:&quot;&quot;,&quot;isLinked&quot;:true},&quot;element_pack_global_tooltip_border_radius_mobile&quot;:{&quot;unit&quot;:&quot;px&quot;,&quot;top&quot;:&quot;&quot;,&quot;right&quot;:&quot;&quot;,&quot;bottom&quot;:&quot;&quot;,&quot;left&quot;:&quot;&quot;,&quot;isLinked&quot;:true}}\" data-elementor-post-type=\"page\">\n\t\t\t\t<div class=\"elementor-element elementor-element-2b2eb8ad e-flex e-con-boxed e-con e-parent\" data-id=\"2b2eb8ad\" data-element_type=\"container\">\n\t\t\t\t\t<div class=\"e-con-inner\">\n\t\t\t\t<div class=\"elementor-element elementor-element-592f182d elementor-widget elementor-widget-text-editor\" data-id=\"592f182d\" data-element_type=\"widget\" data-widget_type=\"text-editor.default\">\n\t\t\t\t<div class=\"elementor-widget-container\">\n\t\t\t\t\t\t\t\t\t<!DOCTYPE html>\n<html lang=\"fr\">\n<head>\n  <meta charset=\"UTF-8\" \/>\n  <meta name=\"viewport\" content=\"width=device-width, initial-scale=1\" \/>\n  <title><\/title>\n  <style>\n  body { font-family: Arial, Helvetica, sans-serif; margin: 40px; background:#f6f8fb; color:#24313f; line-height:1.75; }\n  h1, h2 { font-weight: 700; color:#163a5f; }\n  h1 { text-align:center; margin: 0 0 14px; letter-spacing:.2px; }\n  h2 { margin: 20px 0 8px; }\n  p { text-align: justify; margin: 10px 0; }\n  .lettrine { width:100%; max-height:340px; object-fit:cover; border-radius:14px; margin:10px 0 22px; box-shadow:0 8px 22px rgba(0,0,0,.12); }\n  .section { background:#fff; padding:22px; border-radius:12px; margin-bottom:22px; box-shadow:0 2px 12px rgba(0,0,0,.07); }\n  .breadcrumb { font-size:14px; color:#40638f; margin-bottom:10px; }\n  .meta { font-size:14px; color:#5a6a7a; margin-bottom:10px; }\n  .badge { display:inline-block; background:#e7f0ff; color:#1a4d7a; padding:5px 10px; border-radius:9999px; font-size:12px; font-weight:700; margin-right:6px; }\n  ul, ol { margin: 6px 0 6px 22px; }\n  li { margin: 6px 0; text-align: justify; }\n  .cta { background:#175ea6; color:#fff; display:inline-block; padding:10px 14px; border-radius:10px; text-decoration:none; font-weight:700; }\n  footer { margin-top: 28px; font-size: 13px; color: #6b7785; }\n  .small { font-size: 13px; color:#556; }\n<\/style>\n<\/head>\n<body>\n  <div class=\"breadcrumb\"><\/div>\n  <h1><\/h1>\n  <img  alt=\"Palmier \u00e0 huile\" class=\"lettrine lws-optimize-lazyload\" \/ data-src=\"images\/palmier-huile.jpg\">\n  <div class=\"meta\"><span class=\"badge\">Agro<\/span> <span class=\"badge\">HSE<\/span><\/div>\n  <div class=\"section\"><h2>Approvisionnement<\/h2>\n<p>R\u00e9gimes\/noix, qualit\u00e9, contractualisation.<\/p><\/div>\n<div class=\"section\"><h2>Durabilit\u00e9<\/h2>\n<p>Pratiques responsables et am\u00e9lioration continue.<\/p><\/div>\n  <div class=\"section\">\n    <h2>Contact &#038; Devis<\/h2>\n    <p>Un besoin pr\u00e9cis\u2009? Nous analysons votre projet et proposons une solution cl\u00e9 en main avec planning, budget et livrables d\u00e9taill\u00e9s.<\/p>\n    <p><a class=\"cta\" href=\"#\">Demander un devis<\/a><\/p>\n    <p class=\"small\">La prise de contact via ce site ne vaut pas engagement contractuel. Nos offres sont transmises par \u00e9crit et sign\u00e9es.<\/p>\n  <\/div>\n  <footer>\u00a9 Votre Soci\u00e9t\u00e9 \u2014 Prestations r\u00e9alis\u00e9es conform\u00e9ment \u00e0 la r\u00e9glementation ivoirienne en vigueur. Documents et proc\u00e9dures adapt\u00e9s au cas par cas.<\/footer>\n<\/body>\n<\/html>\t\t\t\t\t\t\t\t<\/div>\n\t\t\t\t<\/div>\n\t\t\t\t\t<\/div>\n\t\t\t\t<\/div>\n\t\t\t\t<\/div>\n\t\t","protected":false},"excerpt":{"rendered":"<p>Agro HSE Approvisionnement R\u00e9gimes\/noix, qualit\u00e9, contractualisation. Durabilit\u00e9 Pratiques responsables et am\u00e9lioration continue. Contact &#038; Devis Un besoin pr\u00e9cis\u2009? Nous analysons votre projet et proposons une solution cl\u00e9 en main avec planning, budget et livrables d\u00e9taill\u00e9s. Demander un devis La prise de contact via ce site ne vaut pas engagement contractuel. Nos offres sont transmises par&#8230;<\/p>\n","protected":false},"author":1,"featured_media":0,"parent":0,"menu_order":0,"comment_status":"closed","ping_status":"closed","template":"","meta":{"footnotes":""},"class_list":["post-5369","page","type-page","status-publish","hentry"],"_links":{"self":[{"href":"https:\/\/olsat-sarl.com\/index.php?rest_route=\/wp\/v2\/pages\/5369","targetHints":{"allow":["GET"]}}],"collection":[{"href":"https:\/\/olsat-sarl.com\/index.php?rest_route=\/wp\/v2\/pages"}],"about":[{"href":"https:\/\/olsat-sarl.com\/index.php?rest_route=\/wp\/v2\/types\/page"}],"author":[{"embeddable":true,"href":"https:\/\/olsat-sarl.com\/index.php?rest_route=\/wp\/v2\/users\/1"}],"replies":[{"embeddable":true,"href":"https:\/\/olsat-sarl.com\/index.php?rest_route=%2Fwp%2Fv2%2Fcomments&post=5369"}],"version-history":[{"count":7,"href":"https:\/\/olsat-sarl.com\/index.php?rest_route=\/wp\/v2\/pages\/5369\/revisions"}],"predecessor-version":[{"id":5469,"href":"https:\/\/olsat-sarl.com\/index.php?rest_route=\/wp\/v2\/pages\/5369\/revisions\/5469"}],"wp:attachment":[{"href":"https:\/\/olsat-sarl.com\/index.php?rest_route=%2Fwp%2Fv2%2Fmedia&parent=5369"}],"curies":[{"name":"wp","href":"https:\/\/api.w.org\/{rel}","templated":true}]}}