{"id":5364,"date":"2025-08-27T04:35:51","date_gmt":"2025-08-27T02:35:51","guid":{"rendered":"https:\/\/olsat-sarl.com\/?page_id=5364"},"modified":"2025-08-27T04:38:07","modified_gmt":"2025-08-27T02:38:07","slug":"hevea","status":"publish","type":"page","link":"https:\/\/olsat-sarl.com\/?page_id=5364","title":{"rendered":"H\u00e9v\u00e9a"},"content":{"rendered":"\t\t<div data-elementor-type=\"wp-page\" data-elementor-id=\"5364\" class=\"elementor elementor-5364\" data-elementor-settings=\"{&quot;element_pack_global_tooltip_width&quot;:{&quot;unit&quot;:&quot;px&quot;,&quot;size&quot;:&quot;&quot;,&quot;sizes&quot;:[]},&quot;element_pack_global_tooltip_width_tablet&quot;:{&quot;unit&quot;:&quot;px&quot;,&quot;size&quot;:&quot;&quot;,&quot;sizes&quot;:[]},&quot;element_pack_global_tooltip_width_mobile&quot;:{&quot;unit&quot;:&quot;px&quot;,&quot;size&quot;:&quot;&quot;,&quot;sizes&quot;:[]},&quot;element_pack_global_tooltip_padding&quot;:{&quot;unit&quot;:&quot;px&quot;,&quot;top&quot;:&quot;&quot;,&quot;right&quot;:&quot;&quot;,&quot;bottom&quot;:&quot;&quot;,&quot;left&quot;:&quot;&quot;,&quot;isLinked&quot;:true},&quot;element_pack_global_tooltip_padding_tablet&quot;:{&quot;unit&quot;:&quot;px&quot;,&quot;top&quot;:&quot;&quot;,&quot;right&quot;:&quot;&quot;,&quot;bottom&quot;:&quot;&quot;,&quot;left&quot;:&quot;&quot;,&quot;isLinked&quot;:true},&quot;element_pack_global_tooltip_padding_mobile&quot;:{&quot;unit&quot;:&quot;px&quot;,&quot;top&quot;:&quot;&quot;,&quot;right&quot;:&quot;&quot;,&quot;bottom&quot;:&quot;&quot;,&quot;left&quot;:&quot;&quot;,&quot;isLinked&quot;:true},&quot;element_pack_global_tooltip_border_radius&quot;:{&quot;unit&quot;:&quot;px&quot;,&quot;top&quot;:&quot;&quot;,&quot;right&quot;:&quot;&quot;,&quot;bottom&quot;:&quot;&quot;,&quot;left&quot;:&quot;&quot;,&quot;isLinked&quot;:true},&quot;element_pack_global_tooltip_border_radius_tablet&quot;:{&quot;unit&quot;:&quot;px&quot;,&quot;top&quot;:&quot;&quot;,&quot;right&quot;:&quot;&quot;,&quot;bottom&quot;:&quot;&quot;,&quot;left&quot;:&quot;&quot;,&quot;isLinked&quot;:true},&quot;element_pack_global_tooltip_border_radius_mobile&quot;:{&quot;unit&quot;:&quot;px&quot;,&quot;top&quot;:&quot;&quot;,&quot;right&quot;:&quot;&quot;,&quot;bottom&quot;:&quot;&quot;,&quot;left&quot;:&quot;&quot;,&quot;isLinked&quot;:true}}\" data-elementor-post-type=\"page\">\n\t\t\t\t<div class=\"elementor-element elementor-element-2b2eb8ad e-flex e-con-boxed e-con e-parent\" data-id=\"2b2eb8ad\" data-element_type=\"container\">\n\t\t\t\t\t<div class=\"e-con-inner\">\n\t\t\t\t<div class=\"elementor-element elementor-element-592f182d elementor-widget elementor-widget-text-editor\" data-id=\"592f182d\" data-element_type=\"widget\" data-widget_type=\"text-editor.default\">\n\t\t\t\t<div class=\"elementor-widget-container\">\n\t\t\t\t\t\t\t\t\t<!DOCTYPE html>\n<html lang=\"fr\">\n<head>\n  <meta charset=\"UTF-8\">\n  <meta name=\"viewport\" content=\"width=device-width, initial-scale=1.0\">\n  <title><\/title>\n  <style>\n    body { font-family: Arial, Helvetica, sans-serif; margin: 40px; background-color: #f7f8fa; color: #2a2a2a; line-height: 1.7; }\n    h1, h2 { font-weight: 700; color: #163a5f; }\n    h1 { text-align: center; margin-bottom: 18px; }\n    h2 { margin-top: 18px; }\n    p { text-align: justify; margin: 10px 0; }\n    .lettrine { width: 100%; max-height: 320px; object-fit: cover; border-radius: 14px; margin: 8px 0 22px; box-shadow: 0 6px 16px rgba(0,0,0,0.12); }\n    .section { background: #fff; padding: 22px; border-radius: 12px; margin-bottom: 22px; box-shadow: 0 2px 10px rgba(0,0,0,0.08); }\n    .meta { font-size: 14px; color: #5a6a7a; margin-bottom: 6px; }\n    .breadcrumb { font-size: 14px; color: #40638f; margin-bottom: 12px; }\n    .badge { display: inline-block; background: #e9f2ff; color: #1a4d7a; padding: 4px 10px; border-radius: 9999px; font-size: 12px; font-weight: 700; margin-right: 6px; }\n    ul { margin: 8px 0 8px 22px; }\n    li { margin: 6px 0; }\n    footer { margin-top: 28px; font-size: 13px; color: #6b7785; }\n<\/style>\n<\/head>\n<body>\n  <div class=\"breadcrumb\"><\/div>\n  <h1><\/h1>\n  <img  alt=\"H\u00e9v\u00e9a\" class=\"lettrine lws-optimize-lazyload\" data-src=\"images\/hevea.jpg\">\n  <div class=\"meta\"><span class=\"badge\">Caoutchouc<\/span> <span class=\"badge\">Logistique<\/span><\/div>\n  <div class=\"section\"><h2>Latex &#038; caoutchouc<\/h2>\n<p>Collecte, stockage, contr\u00f4le de qualit\u00e9 et contrats conformes aux r\u00e8gles applicables au secteur.<\/p><\/div>\n<div class=\"section\"><h2>Logistique<\/h2>\n<p>Transport, s\u00e9curit\u00e9 et tra\u00e7abilit\u00e9 des flux.<\/p><\/div>\n  <footer>\n    \u00a9 Votre Soci\u00e9t\u00e9 \u2014 Tous droits r\u00e9serv\u00e9s. Prestations r\u00e9alis\u00e9es conform\u00e9ment \u00e0 la r\u00e9glementation ivoirienne en vigueur.\n  <\/footer>\n<\/body>\n<\/html>\t\t\t\t\t\t\t\t<\/div>\n\t\t\t\t<\/div>\n\t\t\t\t\t<\/div>\n\t\t\t\t<\/div>\n\t\t\t\t<\/div>\n\t\t","protected":false},"excerpt":{"rendered":"<p>Caoutchouc Logistique Latex &#038; caoutchouc Collecte, stockage, contr\u00f4le de qualit\u00e9 et contrats conformes aux r\u00e8gles applicables au secteur. Logistique Transport, s\u00e9curit\u00e9 et tra\u00e7abilit\u00e9 des flux. \u00a9 Votre Soci\u00e9t\u00e9 \u2014 Tous droits r\u00e9serv\u00e9s. Prestations r\u00e9alis\u00e9es conform\u00e9ment \u00e0 la r\u00e9glementation ivoirienne en vigueur.<\/p>\n","protected":false},"author":1,"featured_media":0,"parent":0,"menu_order":0,"comment_status":"closed","ping_status":"closed","template":"","meta":{"footnotes":""},"class_list":["post-5364","page","type-page","status-publish","hentry"],"_links":{"self":[{"href":"https:\/\/olsat-sarl.com\/index.php?rest_route=\/wp\/v2\/pages\/5364","targetHints":{"allow":["GET"]}}],"collection":[{"href":"https:\/\/olsat-sarl.com\/index.php?rest_route=\/wp\/v2\/pages"}],"about":[{"href":"https:\/\/olsat-sarl.com\/index.php?rest_route=\/wp\/v2\/types\/page"}],"author":[{"embeddable":true,"href":"https:\/\/olsat-sarl.com\/index.php?rest_route=\/wp\/v2\/users\/1"}],"replies":[{"embeddable":true,"href":"https:\/\/olsat-sarl.com\/index.php?rest_route=%2Fwp%2Fv2%2Fcomments&post=5364"}],"version-history":[{"count":4,"href":"https:\/\/olsat-sarl.com\/index.php?rest_route=\/wp\/v2\/pages\/5364\/revisions"}],"predecessor-version":[{"id":5368,"href":"https:\/\/olsat-sarl.com\/index.php?rest_route=\/wp\/v2\/pages\/5364\/revisions\/5368"}],"wp:attachment":[{"href":"https:\/\/olsat-sarl.com\/index.php?rest_route=%2Fwp%2Fv2%2Fmedia&parent=5364"}],"curies":[{"name":"wp","href":"https:\/\/api.w.org\/{rel}","templated":true}]}}